{"id":17,"date":"2025-01-29T11:25:04","date_gmt":"2025-01-29T11:25:04","guid":{"rendered":"https:\/\/lumereviews.com\/?page_id=17"},"modified":"2025-01-29T11:25:04","modified_gmt":"2025-01-29T11:25:04","slug":"blog","status":"publish","type":"page","link":"https:\/\/xbreviews.com\/fr\/blog\/","title":{"rendered":"Blog"},"content":{"rendered":"<div class=\"wp-block-group alignwide has-global-padding is-layout-constrained wp-block-group-is-layout-constrained\">\n<div class=\"wp-block-query alignwide is-style-gs-brdnpaddradius is-layout-flow wp-block-query-is-layout-flow\"><ul class=\"columns-3 wp-block-post-template is-layout-grid wp-container-core-post-template-is-layout-6d3fbd8f wp-block-post-template-is-layout-grid\"><li class=\"wp-block-post post-242 post type-post status-publish format-standard has-post-thumbnail hentry category-blog\">\n<figure style=\"height:230px; padding-top:0;padding-bottom:0;padding-left:0;padding-right:0;margin-bottom:0;\" class=\"gs-hover-scale-img wp-block-post-featured-image\"><a href=\"https:\/\/xbreviews.com\/fr\/technical-analysis-basics-a-beginner-trading-guide\/\" target=\"_self\"  style=\"height:230px\"><img loading=\"lazy\" decoding=\"async\" width=\"2560\" height=\"1708\" src=\"https:\/\/xbreviews.com\/wp-content\/uploads\/2025\/12\/Technical-Analysis-Basics-\u2013-A-Beginner-Trading-Guide-scaled.webp\" class=\"attachment-post-thumbnail size-post-thumbnail wp-post-image\" alt=\"Technical Analysis Basics \u2013 A Beginner Trading Guide\" style=\"border-radius:12px;height:230px;object-fit:cover;\" srcset=\"https:\/\/xbreviews.com\/wp-content\/uploads\/2025\/12\/Technical-Analysis-Basics-\u2013-A-Beginner-Trading-Guide-scaled.webp 2560w, https:\/\/xbreviews.com\/wp-content\/uploads\/2025\/12\/Technical-Analysis-Basics-\u2013-A-Beginner-Trading-Guide-300x200.webp 300w, https:\/\/xbreviews.com\/wp-content\/uploads\/2025\/12\/Technical-Analysis-Basics-\u2013-A-Beginner-Trading-Guide-1024x683.webp 1024w, https:\/\/xbreviews.com\/wp-content\/uploads\/2025\/12\/Technical-Analysis-Basics-\u2013-A-Beginner-Trading-Guide-768x512.webp 768w, https:\/\/xbreviews.com\/wp-content\/uploads\/2025\/12\/Technical-Analysis-Basics-\u2013-A-Beginner-Trading-Guide-1536x1025.webp 1536w, https:\/\/xbreviews.com\/wp-content\/uploads\/2025\/12\/Technical-Analysis-Basics-\u2013-A-Beginner-Trading-Guide-2048x1366.webp 2048w, https:\/\/xbreviews.com\/wp-content\/uploads\/2025\/12\/Technical-Analysis-Basics-\u2013-A-Beginner-Trading-Guide-18x12.webp 18w\" sizes=\"auto, (max-width: 2560px) 100vw, 2560px\" \/><\/a><\/figure>\n\n\n<div class=\"wp-block-group is-layout-flow wp-container-core-group-is-layout-1e03fd0d wp-block-group-is-layout-flow\" style=\"padding-top:8px;padding-right:8px;padding-bottom:8px;padding-left:8px\"><h3 style=\"line-height:1.4;\" class=\"wp-block-post-title has-subheading-font-size\"><a href=\"https:\/\/xbreviews.com\/fr\/technical-analysis-basics-a-beginner-trading-guide\/\" target=\"_self\" >Les bases de l\u2019analyse technique \u2013 Guide de trading pour d\u00e9butants<\/a><\/h3>\n\n<div class=\"wp-block-post-excerpt has-small-font-size\"><p class=\"wp-block-post-excerpt__excerpt\">L\u2019analyse technique est une m\u00e9thode utilis\u00e9e par les traders pour \u00e9tudier les mouvements de prix\u2026<\/p><p class=\"wp-block-post-excerpt__more-text\"><a class=\"wp-block-post-excerpt__more-link\" href=\"https:\/\/xbreviews.com\/fr\/technical-analysis-basics-a-beginner-trading-guide\/\">Lire la suite<\/a><\/p><\/div><\/div>\n\n<\/li><li class=\"wp-block-post post-239 post type-post status-publish format-standard has-post-thumbnail hentry category-blog\">\n<figure style=\"height:230px; padding-top:0;padding-bottom:0;padding-left:0;padding-right:0;margin-bottom:0;\" class=\"gs-hover-scale-img wp-block-post-featured-image\"><a href=\"https:\/\/xbreviews.com\/fr\/a-complete-guide-to-trading-psychology\/\" target=\"_self\"  style=\"height:230px\"><img loading=\"lazy\" decoding=\"async\" width=\"2560\" height=\"1706\" src=\"https:\/\/xbreviews.com\/wp-content\/uploads\/2025\/12\/A-Complete-Guide-to-Trading-Psychology-scaled.webp\" class=\"attachment-post-thumbnail size-post-thumbnail wp-post-image\" alt=\"A Complete Guide to Trading Psychology\" style=\"border-radius:12px;height:230px;object-fit:cover;\" srcset=\"https:\/\/xbreviews.com\/wp-content\/uploads\/2025\/12\/A-Complete-Guide-to-Trading-Psychology-scaled.webp 2560w, https:\/\/xbreviews.com\/wp-content\/uploads\/2025\/12\/A-Complete-Guide-to-Trading-Psychology-300x200.webp 300w, https:\/\/xbreviews.com\/wp-content\/uploads\/2025\/12\/A-Complete-Guide-to-Trading-Psychology-1024x683.webp 1024w, https:\/\/xbreviews.com\/wp-content\/uploads\/2025\/12\/A-Complete-Guide-to-Trading-Psychology-768x512.webp 768w, https:\/\/xbreviews.com\/wp-content\/uploads\/2025\/12\/A-Complete-Guide-to-Trading-Psychology-1536x1024.webp 1536w, https:\/\/xbreviews.com\/wp-content\/uploads\/2025\/12\/A-Complete-Guide-to-Trading-Psychology-2048x1365.webp 2048w, https:\/\/xbreviews.com\/wp-content\/uploads\/2025\/12\/A-Complete-Guide-to-Trading-Psychology-18x12.webp 18w\" sizes=\"auto, (max-width: 2560px) 100vw, 2560px\" \/><\/a><\/figure>\n\n\n<div class=\"wp-block-group is-layout-flow wp-container-core-group-is-layout-1e03fd0d wp-block-group-is-layout-flow\" style=\"padding-top:8px;padding-right:8px;padding-bottom:8px;padding-left:8px\"><h3 style=\"line-height:1.4;\" class=\"wp-block-post-title has-subheading-font-size\"><a href=\"https:\/\/xbreviews.com\/fr\/a-complete-guide-to-trading-psychology\/\" target=\"_self\" >Guide complet de la psychologie du trading<\/a><\/h3>\n\n<div class=\"wp-block-post-excerpt has-small-font-size\"><p class=\"wp-block-post-excerpt__excerpt\">La psychologie du trading fait r\u00e9f\u00e9rence aux facteurs \u00e9motionnels et mentaux qui influencent\u2026<\/p><p class=\"wp-block-post-excerpt__more-text\"><a class=\"wp-block-post-excerpt__more-link\" href=\"https:\/\/xbreviews.com\/fr\/a-complete-guide-to-trading-psychology\/\">Lire la suite<\/a><\/p><\/div><\/div>\n\n<\/li><li class=\"wp-block-post post-236 post type-post status-publish format-standard has-post-thumbnail hentry category-blog\">\n<figure style=\"height:230px; padding-top:0;padding-bottom:0;padding-left:0;padding-right:0;margin-bottom:0;\" class=\"gs-hover-scale-img wp-block-post-featured-image\"><a href=\"https:\/\/xbreviews.com\/fr\/trading-risk-management-explained-complete-walkthrough\/\" target=\"_self\"  style=\"height:230px\"><img loading=\"lazy\" decoding=\"async\" width=\"2560\" height=\"1707\" src=\"https:\/\/xbreviews.com\/wp-content\/uploads\/2025\/12\/Trading-Risk-Management-Explained-\u2013-Complete-Walkthrough-scaled.webp\" class=\"attachment-post-thumbnail size-post-thumbnail wp-post-image\" alt=\"Trading Risk Management Explained \u2013 Complete Walkthrough\" style=\"border-radius:12px;height:230px;object-fit:cover;\" srcset=\"https:\/\/xbreviews.com\/wp-content\/uploads\/2025\/12\/Trading-Risk-Management-Explained-\u2013-Complete-Walkthrough-scaled.webp 2560w, https:\/\/xbreviews.com\/wp-content\/uploads\/2025\/12\/Trading-Risk-Management-Explained-\u2013-Complete-Walkthrough-300x200.webp 300w, https:\/\/xbreviews.com\/wp-content\/uploads\/2025\/12\/Trading-Risk-Management-Explained-\u2013-Complete-Walkthrough-1024x683.webp 1024w, https:\/\/xbreviews.com\/wp-content\/uploads\/2025\/12\/Trading-Risk-Management-Explained-\u2013-Complete-Walkthrough-768x512.webp 768w, https:\/\/xbreviews.com\/wp-content\/uploads\/2025\/12\/Trading-Risk-Management-Explained-\u2013-Complete-Walkthrough-1536x1024.webp 1536w, https:\/\/xbreviews.com\/wp-content\/uploads\/2025\/12\/Trading-Risk-Management-Explained-\u2013-Complete-Walkthrough-2048x1366.webp 2048w, https:\/\/xbreviews.com\/wp-content\/uploads\/2025\/12\/Trading-Risk-Management-Explained-\u2013-Complete-Walkthrough-18x12.webp 18w\" sizes=\"auto, (max-width: 2560px) 100vw, 2560px\" \/><\/a><\/figure>\n\n\n<div class=\"wp-block-group is-layout-flow wp-container-core-group-is-layout-1e03fd0d wp-block-group-is-layout-flow\" style=\"padding-top:8px;padding-right:8px;padding-bottom:8px;padding-left:8px\"><h3 style=\"line-height:1.4;\" class=\"wp-block-post-title has-subheading-font-size\"><a href=\"https:\/\/xbreviews.com\/fr\/trading-risk-management-explained-complete-walkthrough\/\" target=\"_self\" >La gestion du risque en trading expliqu\u00e9e \u2013 Guide complet<\/a><\/h3>\n\n<div class=\"wp-block-post-excerpt has-small-font-size\"><p class=\"wp-block-post-excerpt__excerpt\">La gestion du risque est l\u2019un des concepts les plus importants que chaque trader\u2026<\/p><p class=\"wp-block-post-excerpt__more-text\"><a class=\"wp-block-post-excerpt__more-link\" href=\"https:\/\/xbreviews.com\/fr\/trading-risk-management-explained-complete-walkthrough\/\">Lire la suite<\/a><\/p><\/div><\/div>\n\n<\/li><li class=\"wp-block-post post-233 post type-post status-publish format-standard has-post-thumbnail hentry category-blog\">\n<figure style=\"height:230px; padding-top:0;padding-bottom:0;padding-left:0;padding-right:0;margin-bottom:0;\" class=\"gs-hover-scale-img wp-block-post-featured-image\"><a href=\"https:\/\/xbreviews.com\/fr\/trading-basics-explained-a-beginner-friendly-guide\/\" target=\"_self\"  style=\"height:230px\"><img loading=\"lazy\" decoding=\"async\" width=\"2560\" height=\"1709\" src=\"https:\/\/xbreviews.com\/wp-content\/uploads\/2025\/12\/TradingBasicsExplainedABeginner-FriendlyGuide-ezgif.com-optiwebp-scaled.webp\" class=\"attachment-post-thumbnail size-post-thumbnail wp-post-image\" alt=\"Trading Basics Explained \u2013 A Beginner-Friendly Guide\" style=\"border-radius:12px;height:230px;object-fit:cover;\" srcset=\"https:\/\/xbreviews.com\/wp-content\/uploads\/2025\/12\/TradingBasicsExplainedABeginner-FriendlyGuide-ezgif.com-optiwebp-scaled.webp 2560w, https:\/\/xbreviews.com\/wp-content\/uploads\/2025\/12\/TradingBasicsExplainedABeginner-FriendlyGuide-ezgif.com-optiwebp-300x200.webp 300w, https:\/\/xbreviews.com\/wp-content\/uploads\/2025\/12\/TradingBasicsExplainedABeginner-FriendlyGuide-ezgif.com-optiwebp-1024x684.webp 1024w, https:\/\/xbreviews.com\/wp-content\/uploads\/2025\/12\/TradingBasicsExplainedABeginner-FriendlyGuide-ezgif.com-optiwebp-768x513.webp 768w, https:\/\/xbreviews.com\/wp-content\/uploads\/2025\/12\/TradingBasicsExplainedABeginner-FriendlyGuide-ezgif.com-optiwebp-1536x1025.webp 1536w, https:\/\/xbreviews.com\/wp-content\/uploads\/2025\/12\/TradingBasicsExplainedABeginner-FriendlyGuide-ezgif.com-optiwebp-2048x1367.webp 2048w, https:\/\/xbreviews.com\/wp-content\/uploads\/2025\/12\/TradingBasicsExplainedABeginner-FriendlyGuide-ezgif.com-optiwebp-18x12.webp 18w\" sizes=\"auto, (max-width: 2560px) 100vw, 2560px\" \/><\/a><\/figure>\n\n\n<div class=\"wp-block-group is-layout-flow wp-container-core-group-is-layout-1e03fd0d wp-block-group-is-layout-flow\" style=\"padding-top:8px;padding-right:8px;padding-bottom:8px;padding-left:8px\"><h3 style=\"line-height:1.4;\" class=\"wp-block-post-title has-subheading-font-size\"><a href=\"https:\/\/xbreviews.com\/fr\/trading-basics-explained-a-beginner-friendly-guide\/\" target=\"_self\" >Les bases du trading expliqu\u00e9es \u2013 Guide pour d\u00e9butants<\/a><\/h3>\n\n<div class=\"wp-block-post-excerpt has-small-font-size\"><p class=\"wp-block-post-excerpt__excerpt\">Le trading est le processus d\u2019achat et de vente d\u2019instruments financiers dans le but de\u2026<\/p><p class=\"wp-block-post-excerpt__more-text\"><a class=\"wp-block-post-excerpt__more-link\" href=\"https:\/\/xbreviews.com\/fr\/trading-basics-explained-a-beginner-friendly-guide\/\">Lire la suite<\/a><\/p><\/div><\/div>\n\n<\/li><li class=\"wp-block-post post-230 post type-post status-publish format-standard has-post-thumbnail hentry category-blog\">\n<figure style=\"height:230px; padding-top:0;padding-bottom:0;padding-left:0;padding-right:0;margin-bottom:0;\" class=\"gs-hover-scale-img wp-block-post-featured-image\"><a href=\"https:\/\/xbreviews.com\/fr\/crypto-market-volatility-explained-what-traders-should-know\/\" target=\"_self\"  style=\"height:230px\"><img loading=\"lazy\" decoding=\"async\" width=\"2560\" height=\"1707\" src=\"https:\/\/xbreviews.com\/wp-content\/uploads\/2025\/12\/CryptoMarketVolatilityExplainedWhatTradersShouldKnow-ezgif.com-optiwebp-scaled.webp\" class=\"attachment-post-thumbnail size-post-thumbnail wp-post-image\" alt=\"Crypto Market Volatility Explained \u2013 What Traders Should Know\" style=\"border-radius:12px;height:230px;object-fit:cover;\" srcset=\"https:\/\/xbreviews.com\/wp-content\/uploads\/2025\/12\/CryptoMarketVolatilityExplainedWhatTradersShouldKnow-ezgif.com-optiwebp-scaled.webp 2560w, https:\/\/xbreviews.com\/wp-content\/uploads\/2025\/12\/CryptoMarketVolatilityExplainedWhatTradersShouldKnow-ezgif.com-optiwebp-300x200.webp 300w, https:\/\/xbreviews.com\/wp-content\/uploads\/2025\/12\/CryptoMarketVolatilityExplainedWhatTradersShouldKnow-ezgif.com-optiwebp-1024x683.webp 1024w, https:\/\/xbreviews.com\/wp-content\/uploads\/2025\/12\/CryptoMarketVolatilityExplainedWhatTradersShouldKnow-ezgif.com-optiwebp-768x512.webp 768w, https:\/\/xbreviews.com\/wp-content\/uploads\/2025\/12\/CryptoMarketVolatilityExplainedWhatTradersShouldKnow-ezgif.com-optiwebp-1536x1024.webp 1536w, https:\/\/xbreviews.com\/wp-content\/uploads\/2025\/12\/CryptoMarketVolatilityExplainedWhatTradersShouldKnow-ezgif.com-optiwebp-2048x1365.webp 2048w, https:\/\/xbreviews.com\/wp-content\/uploads\/2025\/12\/CryptoMarketVolatilityExplainedWhatTradersShouldKnow-ezgif.com-optiwebp-18x12.webp 18w\" sizes=\"auto, (max-width: 2560px) 100vw, 2560px\" \/><\/a><\/figure>\n\n\n<div class=\"wp-block-group is-layout-flow wp-container-core-group-is-layout-1e03fd0d wp-block-group-is-layout-flow\" style=\"padding-top:8px;padding-right:8px;padding-bottom:8px;padding-left:8px\"><h3 style=\"line-height:1.4;\" class=\"wp-block-post-title has-subheading-font-size\"><a href=\"https:\/\/xbreviews.com\/fr\/crypto-market-volatility-explained-what-traders-should-know\/\" target=\"_self\" >La volatilit\u00e9 du march\u00e9 crypto expliqu\u00e9e \u2013 Ce que les traders doivent savoir<\/a><\/h3>\n\n<div class=\"wp-block-post-excerpt has-small-font-size\"><p class=\"wp-block-post-excerpt__excerpt\">Les march\u00e9s des cryptomonnaies sont connus pour leurs variations rapides de prix qui peuvent surprendre\u2026<\/p><p class=\"wp-block-post-excerpt__more-text\"><a class=\"wp-block-post-excerpt__more-link\" href=\"https:\/\/xbreviews.com\/fr\/crypto-market-volatility-explained-what-traders-should-know\/\">Lire la suite<\/a><\/p><\/div><\/div>\n\n<\/li><li class=\"wp-block-post post-227 post type-post status-publish format-standard has-post-thumbnail hentry category-blog\">\n<figure style=\"height:230px; padding-top:0;padding-bottom:0;padding-left:0;padding-right:0;margin-bottom:0;\" class=\"gs-hover-scale-img wp-block-post-featured-image\"><a href=\"https:\/\/xbreviews.com\/fr\/how-to-invest-in-stocks-a-guide-for-beginners\/\" target=\"_self\"  style=\"height:230px\"><img loading=\"lazy\" decoding=\"async\" width=\"2560\" height=\"1709\" src=\"https:\/\/xbreviews.com\/wp-content\/uploads\/2025\/12\/How-to-Invest-in-Stocks-\u2013-A-Guide-for-Beginners-scaled.webp\" class=\"attachment-post-thumbnail size-post-thumbnail wp-post-image\" alt=\"How to Invest in Stocks \u2013 A Guide for Beginners\" style=\"border-radius:12px;height:230px;object-fit:cover;\" srcset=\"https:\/\/xbreviews.com\/wp-content\/uploads\/2025\/12\/How-to-Invest-in-Stocks-\u2013-A-Guide-for-Beginners-scaled.webp 2560w, https:\/\/xbreviews.com\/wp-content\/uploads\/2025\/12\/How-to-Invest-in-Stocks-\u2013-A-Guide-for-Beginners-300x200.webp 300w, https:\/\/xbreviews.com\/wp-content\/uploads\/2025\/12\/How-to-Invest-in-Stocks-\u2013-A-Guide-for-Beginners-1024x683.webp 1024w, https:\/\/xbreviews.com\/wp-content\/uploads\/2025\/12\/How-to-Invest-in-Stocks-\u2013-A-Guide-for-Beginners-768x513.webp 768w, https:\/\/xbreviews.com\/wp-content\/uploads\/2025\/12\/How-to-Invest-in-Stocks-\u2013-A-Guide-for-Beginners-1536x1025.webp 1536w, https:\/\/xbreviews.com\/wp-content\/uploads\/2025\/12\/How-to-Invest-in-Stocks-\u2013-A-Guide-for-Beginners-2048x1367.webp 2048w, https:\/\/xbreviews.com\/wp-content\/uploads\/2025\/12\/How-to-Invest-in-Stocks-\u2013-A-Guide-for-Beginners-18x12.webp 18w\" sizes=\"auto, (max-width: 2560px) 100vw, 2560px\" \/><\/a><\/figure>\n\n\n<div class=\"wp-block-group is-layout-flow wp-container-core-group-is-layout-1e03fd0d wp-block-group-is-layout-flow\" style=\"padding-top:8px;padding-right:8px;padding-bottom:8px;padding-left:8px\"><h3 style=\"line-height:1.4;\" class=\"wp-block-post-title has-subheading-font-size\"><a href=\"https:\/\/xbreviews.com\/fr\/how-to-invest-in-stocks-a-guide-for-beginners\/\" target=\"_self\" >Comment investir en bourse \u2013 Guide pour d\u00e9butants<\/a><\/h3>\n\n<div class=\"wp-block-post-excerpt has-small-font-size\"><p class=\"wp-block-post-excerpt__excerpt\">L\u2019investissement en bourse est l\u2019un des moyens les plus courants utilis\u00e9s pour construire\u2026<\/p><p class=\"wp-block-post-excerpt__more-text\"><a class=\"wp-block-post-excerpt__more-link\" href=\"https:\/\/xbreviews.com\/fr\/how-to-invest-in-stocks-a-guide-for-beginners\/\">Lire la suite<\/a><\/p><\/div><\/div>\n\n<\/li><\/ul>\n\n\n<div style=\"height:50px\" aria-hidden=\"true\" class=\"wp-block-spacer\"><\/div>\n\n\n<nav class=\"wp-block-query-pagination is-content-justification-center is-layout-flex wp-container-core-query-pagination-is-layout-a89b3969 wp-block-query-pagination-is-layout-flex\" aria-label=\"Pagination\">\n\n\n<div class=\"wp-block-query-pagination-numbers\"><span aria-current=\"page\" class=\"page-numbers current\">1<\/span>\n<a class=\"page-numbers\" href=\"?query-22-page=2\">2<\/a><\/div>\n\n<a href=\"\/fr\/wp-json\/wp\/v2\/pages\/17?query-22-page=2\" class=\"wp-block-query-pagination-next\" aria-label=\"Page suivante\"><span class='wp-block-query-pagination-next-arrow is-arrow-arrow' aria-hidden='true'>\u2192<\/span><\/a>\n<\/nav><\/div>\n<\/div>","protected":false},"excerpt":{"rendered":"","protected":false},"author":1,"featured_media":0,"parent":0,"menu_order":0,"comment_status":"closed","ping_status":"closed","template":"page-with-title","meta":{"footnotes":""},"class_list":["post-17","page","type-page","status-publish","hentry"],"_links":{"self":[{"href":"https:\/\/xbreviews.com\/fr\/wp-json\/wp\/v2\/pages\/17","targetHints":{"allow":["GET"]}}],"collection":[{"href":"https:\/\/xbreviews.com\/fr\/wp-json\/wp\/v2\/pages"}],"about":[{"href":"https:\/\/xbreviews.com\/fr\/wp-json\/wp\/v2\/types\/page"}],"author":[{"embeddable":true,"href":"https:\/\/xbreviews.com\/fr\/wp-json\/wp\/v2\/users\/1"}],"replies":[{"embeddable":true,"href":"https:\/\/xbreviews.com\/fr\/wp-json\/wp\/v2\/comments?post=17"}],"version-history":[{"count":0,"href":"https:\/\/xbreviews.com\/fr\/wp-json\/wp\/v2\/pages\/17\/revisions"}],"wp:attachment":[{"href":"https:\/\/xbreviews.com\/fr\/wp-json\/wp\/v2\/media?parent=17"}],"curies":[{"name":"wp","href":"https:\/\/api.w.org\/{rel}","templated":true}]}}